{"id":2084,"date":"2024-07-26T21:57:01","date_gmt":"2024-07-26T22:57:01","guid":{"rendered":"https:\/\/www.bocaberta.pt\/?page_id=2084"},"modified":"2024-07-26T22:10:01","modified_gmt":"2024-07-26T23:10:01","slug":"allergens","status":"publish","type":"page","link":"https:\/\/www.bocaberta.pt\/en\/allergens\/","title":{"rendered":"ALLERGENS"},"content":{"rendered":"<div data-elementor-type=\"wp-page\" data-elementor-id=\"2084\" class=\"elementor elementor-2084\">\n\t\t\t\t\t\t<section class=\"elementor-section elementor-top-section elementor-element elementor-element-224088aa elementor-section-boxed elementor-section-height-default elementor-section-height-default\" data-id=\"224088aa\" data-element_type=\"section\">\n\t\t\t\t\t\t<div class=\"elementor-container elementor-column-gap-default\">\n\t\t\t\t\t<div class=\"elementor-column elementor-col-100 elementor-top-column elementor-element elementor-element-3fa26ee4\" data-id=\"3fa26ee4\" data-element_type=\"column\">\n\t\t\t<div class=\"elementor-widget-wrap elementor-element-populated\">\n\t\t\t\t\t\t<div class=\"elementor-element elementor-element-aa2c1f3 elementor-invisible elementor-widget elementor-widget-heading\" data-id=\"aa2c1f3\" data-element_type=\"widget\" data-settings=\"{&quot;_animation&quot;:&quot;fadeInUp&quot;}\" data-widget_type=\"heading.default\">\n\t\t\t\t<div class=\"elementor-widget-container\">\n\t\t\t<style>\/*! elementor - v3.21.0 - 08-05-2024 *\/\n.elementor-heading-title{padding:0;margin:0;line-height:1}.elementor-widget-heading .elementor-heading-title[class*=elementor-size-]>a{color:inherit;font-size:inherit;line-height:inherit}.elementor-widget-heading .elementor-heading-title.elementor-size-small{font-size:15px}.elementor-widget-heading .elementor-heading-title.elementor-size-medium{font-size:19px}.elementor-widget-heading .elementor-heading-title.elementor-size-large{font-size:29px}.elementor-widget-heading .elementor-heading-title.elementor-size-xl{font-size:39px}.elementor-widget-heading .elementor-heading-title.elementor-size-xxl{font-size:59px}<\/style><h1 class=\"elementor-heading-title elementor-size-default\">Allergens<\/h1>\t\t<\/div>\n\t\t\t\t<\/div>\n\t\t\t\t<div class=\"elementor-element elementor-element-4396f6b elementor-invisible elementor-widget elementor-widget-heading\" data-id=\"4396f6b\" data-element_type=\"widget\" data-settings=\"{&quot;_animation&quot;:&quot;fadeInUp&quot;}\" data-widget_type=\"heading.default\">\n\t\t\t\t<div class=\"elementor-widget-container\">\n\t\t\t<h3 class=\"elementor-heading-title elementor-size-default\">Information about allergens<\/h3>\t\t<\/div>\n\t\t\t\t<\/div>\n\t\t\t\t<div class=\"elementor-element elementor-element-daa163f elementor-invisible elementor-widget elementor-widget-text-editor\" data-id=\"daa163f\" data-element_type=\"widget\" data-settings=\"{&quot;_animation&quot;:&quot;fadeInUp&quot;}\" data-widget_type=\"text-editor.default\">\n\t\t\t\t<div class=\"elementor-widget-container\">\n\t\t\t<style>\/*! elementor - v3.21.0 - 08-05-2024 *\/\n.elementor-widget-text-editor.elementor-drop-cap-view-stacked .elementor-drop-cap{background-color:#69727d;color:#fff}.elementor-widget-text-editor.elementor-drop-cap-view-framed .elementor-drop-cap{color:#69727d;border:3px solid;background-color:transparent}.elementor-widget-text-editor:not(.elementor-drop-cap-view-default) .elementor-drop-cap{margin-top:8px}.elementor-widget-text-editor:not(.elementor-drop-cap-view-default) .elementor-drop-cap-letter{width:1em;height:1em}.elementor-widget-text-editor .elementor-drop-cap{float:left;text-align:center;line-height:1;font-size:50px}.elementor-widget-text-editor .elementor-drop-cap-letter{display:inline-block}<\/style>\t\t\t\tIf you are allergic to any of the foods listed below, please inform one of our employees before consuming our products.\t\t\t\t\t\t<\/div>\n\t\t\t\t<\/div>\n\t\t\t\t<div class=\"elementor-element elementor-element-2d01a28 elementor-invisible elementor-widget elementor-widget-text-editor\" data-id=\"2d01a28\" data-element_type=\"widget\" data-settings=\"{&quot;_animation&quot;:&quot;fadeInUp&quot;}\" data-widget_type=\"text-editor.default\">\n\t\t\t\t<div class=\"elementor-widget-container\">\n\t\t\t\t\t\t\t<ul><li>Cereals containing gluten (in particular wheat, rye, barley, oats, spelt, kamut or their hybridised strains) and products based on these cereals<\/li><li>Sulphur dioxide and sulphites<\/li><li>Celery and celery products<\/li><li>Milk and milk-based products (including lactose)<\/li><li>Soya and soya products<\/li><li>Fish and fish products<\/li><li>Eggs or egg products<\/li><li>Crustaceans and crustacean products<\/li><li>Molluscs and mollusc products<\/li><li>Mustard and mustard products<\/li><li>Nuts (namely almonds, hazelnuts, walnuts, cashew nuts, pecans, Brazil nuts, pistachios, macadamia nuts) and products based on these nuts<\/li><li>Peanuts and peanut products<\/li><li>Sesame seeds and sesame seed products<\/li><li>Lupin and lupin-based products<\/li><\/ul>\t\t\t\t\t\t<\/div>\n\t\t\t\t<\/div>\n\t\t\t\t\t<\/div>\n\t\t<\/div>\n\t\t\t\t\t<\/div>\n\t\t<\/section>\n\t\t\t\t<\/div>","protected":false},"excerpt":{"rendered":"<p>Caso seja al\u00e9rgico a algum dos alimentos abaixo indicado por favor transmita essa informa\u00e7\u00e3o a um dos nossos colaboradores, antes de consumir os nossos produtos.<\/p>","protected":false},"author":1,"featured_media":2017,"parent":0,"menu_order":4,"comment_status":"closed","ping_status":"closed","template":"elementor_header_footer","meta":{"footnotes":""},"class_list":["post-2084","page","type-page","status-publish","has-post-thumbnail","hentry"],"yoast_head":"<!-- This site is optimized with the Yoast SEO plugin v22.6 - https:\/\/yoast.com\/wordpress\/plugins\/seo\/ -->\n<title>ALERG\u00c9NIOS - Bocaberta - Cervejaria &amp; Marisqueira | Lagoa - A\u00e7ores<\/title>\n<meta name=\"robots\" content=\"index, follow, max-snippet:-1, max-image-preview:large, max-video-preview:-1\" \/>\n<link rel=\"canonical\" href=\"https:\/\/www.bocaberta.pt\/en\/allergens\/\" \/>\n<meta property=\"og:locale\" content=\"en_GB\" \/>\n<meta property=\"og:type\" content=\"article\" \/>\n<meta property=\"og:title\" content=\"ALERG\u00c9NIOS - Bocaberta - Cervejaria &amp; Marisqueira | Lagoa - A\u00e7ores\" \/>\n<meta property=\"og:description\" content=\"Caso seja al\u00e9rgico a algum dos alimentos abaixo indicado por favor transmita essa informa\u00e7\u00e3o a um dos nossos colaboradores, antes de consumir os nossos produtos.\" \/>\n<meta property=\"og:url\" content=\"https:\/\/www.bocaberta.pt\/en\/allergens\/\" \/>\n<meta property=\"og:site_name\" content=\"Bocaberta - Cervejaria &amp; Marisqueira | Lagoa - A\u00e7ores\" \/>\n<meta property=\"article:publisher\" content=\"https:\/\/www.facebook.com\/bocabertarestaurante\" \/>\n<meta property=\"article:modified_time\" content=\"2024-07-26T23:10:01+00:00\" \/>\n<meta property=\"og:image\" content=\"https:\/\/www.bocaberta.pt\/wp-content\/uploads\/2024\/04\/DJI_0790.jpg\" \/>\n\t<meta property=\"og:image:width\" content=\"1000\" \/>\n\t<meta property=\"og:image:height\" content=\"666\" \/>\n\t<meta property=\"og:image:type\" content=\"image\/jpeg\" \/>\n<meta name=\"twitter:card\" content=\"summary_large_image\" \/>\n<meta name=\"twitter:label1\" content=\"Estimated reading time\" \/>\n\t<meta name=\"twitter:data1\" content=\"1 minute\" \/>\n<script type=\"application\/ld+json\" class=\"yoast-schema-graph\">{\"@context\":\"https:\/\/schema.org\",\"@graph\":[{\"@type\":\"WebPage\",\"@id\":\"https:\/\/www.bocaberta.pt\/allergens\/\",\"url\":\"https:\/\/www.bocaberta.pt\/allergens\/\",\"name\":\"ALERG\u00c9NIOS - Bocaberta - Cervejaria &amp; Marisqueira | Lagoa - A\u00e7ores\",\"isPartOf\":{\"@id\":\"https:\/\/www.bocaberta.pt\/#website\"},\"primaryImageOfPage\":{\"@id\":\"https:\/\/www.bocaberta.pt\/allergens\/#primaryimage\"},\"image\":{\"@id\":\"https:\/\/www.bocaberta.pt\/allergens\/#primaryimage\"},\"thumbnailUrl\":\"https:\/\/www.bocaberta.pt\/wp-content\/uploads\/2024\/04\/DJI_0790.jpg\",\"datePublished\":\"2024-07-26T22:57:01+00:00\",\"dateModified\":\"2024-07-26T23:10:01+00:00\",\"breadcrumb\":{\"@id\":\"https:\/\/www.bocaberta.pt\/allergens\/#breadcrumb\"},\"inLanguage\":\"en-GB\",\"potentialAction\":[{\"@type\":\"ReadAction\",\"target\":[\"https:\/\/www.bocaberta.pt\/allergens\/\"]}]},{\"@type\":\"ImageObject\",\"inLanguage\":\"en-GB\",\"@id\":\"https:\/\/www.bocaberta.pt\/allergens\/#primaryimage\",\"url\":\"https:\/\/www.bocaberta.pt\/wp-content\/uploads\/2024\/04\/DJI_0790.jpg\",\"contentUrl\":\"https:\/\/www.bocaberta.pt\/wp-content\/uploads\/2024\/04\/DJI_0790.jpg\",\"width\":1000,\"height\":666},{\"@type\":\"BreadcrumbList\",\"@id\":\"https:\/\/www.bocaberta.pt\/allergens\/#breadcrumb\",\"itemListElement\":[{\"@type\":\"ListItem\",\"position\":1,\"name\":\"In\u00edcio\",\"item\":\"https:\/\/www.bocaberta.pt\/\"},{\"@type\":\"ListItem\",\"position\":2,\"name\":\"ALERG\u00c9NIOS\"}]},{\"@type\":\"WebSite\",\"@id\":\"https:\/\/www.bocaberta.pt\/#website\",\"url\":\"https:\/\/www.bocaberta.pt\/\",\"name\":\"Bocaberta - Cervejaria & Marisqueira - Lagoa - A\u00e7ores\",\"description\":\"Venha saborear os sabores do mar neste restaurante excecional na Lagoa, em S\u00e3o Miguel nos A\u00e7ores.\",\"publisher\":{\"@id\":\"https:\/\/www.bocaberta.pt\/#organization\"},\"potentialAction\":[{\"@type\":\"SearchAction\",\"target\":{\"@type\":\"EntryPoint\",\"urlTemplate\":\"https:\/\/www.bocaberta.pt\/?s={search_term_string}\"},\"query-input\":\"required name=search_term_string\"}],\"inLanguage\":\"en-GB\"},{\"@type\":\"Organization\",\"@id\":\"https:\/\/www.bocaberta.pt\/#organization\",\"name\":\"Bocaberta - Cervejaria & Marisqueira - Lagoa - A\u00e7ores\",\"url\":\"https:\/\/www.bocaberta.pt\/\",\"logo\":{\"@type\":\"ImageObject\",\"inLanguage\":\"en-GB\",\"@id\":\"https:\/\/www.bocaberta.pt\/#\/schema\/logo\/image\/\",\"url\":\"https:\/\/www.bocaberta.pt\/wp-content\/uploads\/2022\/11\/Logotipo_Boca_Aberta_transparente-01.png\",\"contentUrl\":\"https:\/\/www.bocaberta.pt\/wp-content\/uploads\/2022\/11\/Logotipo_Boca_Aberta_transparente-01.png\",\"width\":7117,\"height\":2228,\"caption\":\"Bocaberta - Cervejaria & Marisqueira - Lagoa - A\u00e7ores\"},\"image\":{\"@id\":\"https:\/\/www.bocaberta.pt\/#\/schema\/logo\/image\/\"},\"sameAs\":[\"https:\/\/www.facebook.com\/bocabertarestaurante\",\"https:\/\/www.instagram.com\/bocabertarestaurante\"]}]}<\/script>\n<!-- \/ Yoast SEO plugin. -->","yoast_head_json":{"title":"ALERG\u00c9NIOS - Bocaberta - Cervejaria &amp; Marisqueira | Lagoa - A\u00e7ores","robots":{"index":"index","follow":"follow","max-snippet":"max-snippet:-1","max-image-preview":"max-image-preview:large","max-video-preview":"max-video-preview:-1"},"canonical":"https:\/\/www.bocaberta.pt\/en\/allergens\/","og_locale":"en_GB","og_type":"article","og_title":"ALERG\u00c9NIOS - Bocaberta - Cervejaria &amp; Marisqueira | Lagoa - A\u00e7ores","og_description":"Caso seja al\u00e9rgico a algum dos alimentos abaixo indicado por favor transmita essa informa\u00e7\u00e3o a um dos nossos colaboradores, antes de consumir os nossos produtos.","og_url":"https:\/\/www.bocaberta.pt\/en\/allergens\/","og_site_name":"Bocaberta - Cervejaria &amp; Marisqueira | Lagoa - A\u00e7ores","article_publisher":"https:\/\/www.facebook.com\/bocabertarestaurante","article_modified_time":"2024-07-26T23:10:01+00:00","og_image":[{"width":1000,"height":666,"url":"https:\/\/www.bocaberta.pt\/wp-content\/uploads\/2024\/04\/DJI_0790.jpg","type":"image\/jpeg"}],"twitter_card":"summary_large_image","twitter_misc":{"Estimated reading time":"1 minute"},"schema":{"@context":"https:\/\/schema.org","@graph":[{"@type":"WebPage","@id":"https:\/\/www.bocaberta.pt\/allergens\/","url":"https:\/\/www.bocaberta.pt\/allergens\/","name":"ALERG\u00c9NIOS - Bocaberta - Cervejaria &amp; Marisqueira | Lagoa - A\u00e7ores","isPartOf":{"@id":"https:\/\/www.bocaberta.pt\/#website"},"primaryImageOfPage":{"@id":"https:\/\/www.bocaberta.pt\/allergens\/#primaryimage"},"image":{"@id":"https:\/\/www.bocaberta.pt\/allergens\/#primaryimage"},"thumbnailUrl":"https:\/\/www.bocaberta.pt\/wp-content\/uploads\/2024\/04\/DJI_0790.jpg","datePublished":"2024-07-26T22:57:01+00:00","dateModified":"2024-07-26T23:10:01+00:00","breadcrumb":{"@id":"https:\/\/www.bocaberta.pt\/allergens\/#breadcrumb"},"inLanguage":"en-GB","potentialAction":[{"@type":"ReadAction","target":["https:\/\/www.bocaberta.pt\/allergens\/"]}]},{"@type":"ImageObject","inLanguage":"en-GB","@id":"https:\/\/www.bocaberta.pt\/allergens\/#primaryimage","url":"https:\/\/www.bocaberta.pt\/wp-content\/uploads\/2024\/04\/DJI_0790.jpg","contentUrl":"https:\/\/www.bocaberta.pt\/wp-content\/uploads\/2024\/04\/DJI_0790.jpg","width":1000,"height":666},{"@type":"BreadcrumbList","@id":"https:\/\/www.bocaberta.pt\/allergens\/#breadcrumb","itemListElement":[{"@type":"ListItem","position":1,"name":"In\u00edcio","item":"https:\/\/www.bocaberta.pt\/"},{"@type":"ListItem","position":2,"name":"ALERG\u00c9NIOS"}]},{"@type":"WebSite","@id":"https:\/\/www.bocaberta.pt\/#website","url":"https:\/\/www.bocaberta.pt\/","name":"Bocaberta - Cervejaria & Marisqueira - Lagoa - A\u00e7ores","description":"Venha saborear os sabores do mar neste restaurante excecional na Lagoa, em S\u00e3o Miguel nos A\u00e7ores.","publisher":{"@id":"https:\/\/www.bocaberta.pt\/#organization"},"potentialAction":[{"@type":"SearchAction","target":{"@type":"EntryPoint","urlTemplate":"https:\/\/www.bocaberta.pt\/?s={search_term_string}"},"query-input":"required name=search_term_string"}],"inLanguage":"en-GB"},{"@type":"Organization","@id":"https:\/\/www.bocaberta.pt\/#organization","name":"Bocaberta - Cervejaria & Marisqueira - Lagoa - A\u00e7ores","url":"https:\/\/www.bocaberta.pt\/","logo":{"@type":"ImageObject","inLanguage":"en-GB","@id":"https:\/\/www.bocaberta.pt\/#\/schema\/logo\/image\/","url":"https:\/\/www.bocaberta.pt\/wp-content\/uploads\/2022\/11\/Logotipo_Boca_Aberta_transparente-01.png","contentUrl":"https:\/\/www.bocaberta.pt\/wp-content\/uploads\/2022\/11\/Logotipo_Boca_Aberta_transparente-01.png","width":7117,"height":2228,"caption":"Bocaberta - Cervejaria & Marisqueira - Lagoa - A\u00e7ores"},"image":{"@id":"https:\/\/www.bocaberta.pt\/#\/schema\/logo\/image\/"},"sameAs":["https:\/\/www.facebook.com\/bocabertarestaurante","https:\/\/www.instagram.com\/bocabertarestaurante"]}]}},"_links":{"self":[{"href":"https:\/\/www.bocaberta.pt\/en\/wp-json\/wp\/v2\/pages\/2084","targetHints":{"allow":["GET"]}}],"collection":[{"href":"https:\/\/www.bocaberta.pt\/en\/wp-json\/wp\/v2\/pages"}],"about":[{"href":"https:\/\/www.bocaberta.pt\/en\/wp-json\/wp\/v2\/types\/page"}],"author":[{"embeddable":true,"href":"https:\/\/www.bocaberta.pt\/en\/wp-json\/wp\/v2\/users\/1"}],"replies":[{"embeddable":true,"href":"https:\/\/www.bocaberta.pt\/en\/wp-json\/wp\/v2\/comments?post=2084"}],"version-history":[{"count":13,"href":"https:\/\/www.bocaberta.pt\/en\/wp-json\/wp\/v2\/pages\/2084\/revisions"}],"predecessor-version":[{"id":2098,"href":"https:\/\/www.bocaberta.pt\/en\/wp-json\/wp\/v2\/pages\/2084\/revisions\/2098"}],"wp:featuredmedia":[{"embeddable":true,"href":"https:\/\/www.bocaberta.pt\/en\/wp-json\/wp\/v2\/media\/2017"}],"wp:attachment":[{"href":"https:\/\/www.bocaberta.pt\/en\/wp-json\/wp\/v2\/media?parent=2084"}],"curies":[{"name":"wp","href":"https:\/\/api.w.org\/{rel}","templated":true}]}}