{"id":42,"date":"2022-11-04T00:23:18","date_gmt":"2022-11-04T01:23:18","guid":{"rendered":"https:\/\/www.bocaaberta.pt\/?page_id=42"},"modified":"2023-05-08T17:18:29","modified_gmt":"2023-05-08T18:18:29","slug":"contacts","status":"publish","type":"page","link":"https:\/\/www.bocaberta.pt\/en\/contacts\/","title":{"rendered":"CONTACTS"},"content":{"rendered":"<div data-elementor-type=\"wp-page\" data-elementor-id=\"42\" class=\"elementor elementor-42\">\n\t\t\t\t\t\t<section class=\"elementor-section elementor-top-section elementor-element elementor-element-224088aa elementor-section-full_width elementor-section-height-default elementor-section-height-default\" data-id=\"224088aa\" data-element_type=\"section\">\n\t\t\t\t\t\t<div class=\"elementor-container elementor-column-gap-default\">\n\t\t\t\t\t<div class=\"elementor-column elementor-col-100 elementor-top-column elementor-element elementor-element-3fa26ee4\" data-id=\"3fa26ee4\" data-element_type=\"column\">\n\t\t\t<div class=\"elementor-widget-wrap elementor-element-populated\">\n\t\t\t\t\t\t<div class=\"elementor-element elementor-element-29e79389 elementor-widget__width-initial elementor-absolute elementor-widget-tablet__width-initial elementor-widget elementor-widget-image\" data-id=\"29e79389\" data-element_type=\"widget\" data-settings=\"{&quot;_position&quot;:&quot;absolute&quot;,&quot;motion_fx_motion_fx_scrolling&quot;:&quot;yes&quot;,&quot;motion_fx_translateX_effect&quot;:&quot;yes&quot;,&quot;motion_fx_translateX_speed&quot;:{&quot;unit&quot;:&quot;px&quot;,&quot;size&quot;:4,&quot;sizes&quot;:[]},&quot;motion_fx_translateX_affectedRange&quot;:{&quot;unit&quot;:&quot;%&quot;,&quot;size&quot;:&quot;&quot;,&quot;sizes&quot;:{&quot;start&quot;:0,&quot;end&quot;:100}},&quot;motion_fx_devices&quot;:[&quot;desktop&quot;,&quot;tablet&quot;,&quot;mobile&quot;]}\" data-widget_type=\"image.default\">\n\t\t\t\t<div class=\"elementor-widget-container\">\n\t\t\t<style>\/*! elementor - v3.21.0 - 08-05-2024 *\/\n.elementor-widget-image{text-align:center}.elementor-widget-image a{display:inline-block}.elementor-widget-image a img[src$=\".svg\"]{width:48px}.elementor-widget-image img{vertical-align:middle;display:inline-block}<\/style>\t\t\t\t\t\t\t\t\t\t<img fetchpriority=\"high\" decoding=\"async\" width=\"389\" height=\"385\" src=\"https:\/\/www.bocaberta.pt\/wp-content\/uploads\/2022\/11\/shape-2.png\" class=\"attachment-large size-large wp-image-83\" alt=\"\" srcset=\"https:\/\/www.bocaberta.pt\/wp-content\/uploads\/2022\/11\/shape-2.png 389w, https:\/\/www.bocaberta.pt\/wp-content\/uploads\/2022\/11\/shape-2-300x297.png 300w\" sizes=\"(max-width: 389px) 100vw, 389px\" \/>\t\t\t\t\t\t\t\t\t\t\t\t\t<\/div>\n\t\t\t\t<\/div>\n\t\t\t\t<section class=\"elementor-section elementor-inner-section elementor-element elementor-element-6e393f4f elementor-section-boxed elementor-section-height-default elementor-section-height-default\" data-id=\"6e393f4f\" data-element_type=\"section\" data-settings=\"{&quot;background_background&quot;:&quot;classic&quot;}\">\n\t\t\t\t\t\t<div class=\"elementor-container elementor-column-gap-default\">\n\t\t\t\t\t<div class=\"elementor-column elementor-col-33 elementor-inner-column elementor-element elementor-element-8c56909\" data-id=\"8c56909\" data-element_type=\"column\">\n\t\t\t<div class=\"elementor-widget-wrap elementor-element-populated\">\n\t\t\t\t\t\t<div class=\"elementor-element elementor-element-6eff484b elementor-invisible elementor-widget elementor-widget-heading\" data-id=\"6eff484b\" data-element_type=\"widget\" data-settings=\"{&quot;_animation&quot;:&quot;fadeIn&quot;}\" data-widget_type=\"heading.default\">\n\t\t\t\t<div class=\"elementor-widget-container\">\n\t\t\t<style>\/*! elementor - v3.21.0 - 08-05-2024 *\/\n.elementor-heading-title{padding:0;margin:0;line-height:1}.elementor-widget-heading .elementor-heading-title[class*=elementor-size-]>a{color:inherit;font-size:inherit;line-height:inherit}.elementor-widget-heading .elementor-heading-title.elementor-size-small{font-size:15px}.elementor-widget-heading .elementor-heading-title.elementor-size-medium{font-size:19px}.elementor-widget-heading .elementor-heading-title.elementor-size-large{font-size:29px}.elementor-widget-heading .elementor-heading-title.elementor-size-xl{font-size:39px}.elementor-widget-heading .elementor-heading-title.elementor-size-xxl{font-size:59px}<\/style><h2 class=\"elementor-heading-title elementor-size-default\">SCHEDULE<\/h2>\t\t<\/div>\n\t\t\t\t<\/div>\n\t\t\t\t<div class=\"elementor-element elementor-element-559839f7 elementor-invisible elementor-widget elementor-widget-text-editor\" data-id=\"559839f7\" data-element_type=\"widget\" data-settings=\"{&quot;_animation&quot;:&quot;fadeInDown&quot;,&quot;_animation_delay&quot;:300}\" data-widget_type=\"text-editor.default\">\n\t\t\t\t<div class=\"elementor-widget-container\">\n\t\t\t<style>\/*! elementor - v3.21.0 - 08-05-2024 *\/\n.elementor-widget-text-editor.elementor-drop-cap-view-stacked .elementor-drop-cap{background-color:#69727d;color:#fff}.elementor-widget-text-editor.elementor-drop-cap-view-framed .elementor-drop-cap{color:#69727d;border:3px solid;background-color:transparent}.elementor-widget-text-editor:not(.elementor-drop-cap-view-default) .elementor-drop-cap{margin-top:8px}.elementor-widget-text-editor:not(.elementor-drop-cap-view-default) .elementor-drop-cap-letter{width:1em;height:1em}.elementor-widget-text-editor .elementor-drop-cap{float:left;text-align:center;line-height:1;font-size:50px}.elementor-widget-text-editor .elementor-drop-cap-letter{display:inline-block}<\/style>\t\t\t\t<p><strong>Breakfast<\/strong><br \/>07.30 \u2013 14.45<\/p>\t\t\t\t\t\t<\/div>\n\t\t\t\t<\/div>\n\t\t\t\t<div class=\"elementor-element elementor-element-698ddad2 elementor-invisible elementor-widget elementor-widget-text-editor\" data-id=\"698ddad2\" data-element_type=\"widget\" data-settings=\"{&quot;_animation&quot;:&quot;fadeInDown&quot;,&quot;_animation_delay&quot;:500}\" data-widget_type=\"text-editor.default\">\n\t\t\t\t<div class=\"elementor-widget-container\">\n\t\t\t\t\t\t\t<p><strong>Brewery Service | Seafood restaurant<\/strong><br \/>12.00 \u2013 22.00<\/p>\t\t\t\t\t\t<\/div>\n\t\t\t\t<\/div>\n\t\t\t\t<div class=\"elementor-element elementor-element-71d7230 elementor-invisible elementor-widget elementor-widget-text-editor\" data-id=\"71d7230\" data-element_type=\"widget\" data-settings=\"{&quot;_animation&quot;:&quot;fadeInDown&quot;,&quot;_animation_delay&quot;:500}\" data-widget_type=\"text-editor.default\">\n\t\t\t\t<div class=\"elementor-widget-container\">\n\t\t\t\t\t\t\t<p><b>Closed<br><\/b>Tuesday<br><\/p>\t\t\t\t\t\t<\/div>\n\t\t\t\t<\/div>\n\t\t\t\t\t<\/div>\n\t\t<\/div>\n\t\t\t\t<div class=\"elementor-column elementor-col-33 elementor-inner-column elementor-element elementor-element-627baa2f\" data-id=\"627baa2f\" data-element_type=\"column\">\n\t\t\t<div class=\"elementor-widget-wrap elementor-element-populated\">\n\t\t\t\t\t\t<div class=\"elementor-element elementor-element-40bad116 elementor-invisible elementor-widget elementor-widget-heading\" data-id=\"40bad116\" data-element_type=\"widget\" data-settings=\"{&quot;_animation&quot;:&quot;fadeIn&quot;}\" data-widget_type=\"heading.default\">\n\t\t\t\t<div class=\"elementor-widget-container\">\n\t\t\t<h2 class=\"elementor-heading-title elementor-size-default\">CONTACTS<\/h2>\t\t<\/div>\n\t\t\t\t<\/div>\n\t\t\t\t<div class=\"elementor-element elementor-element-3bf90ed8 elementor-invisible elementor-widget elementor-widget-text-editor\" data-id=\"3bf90ed8\" data-element_type=\"widget\" data-settings=\"{&quot;_animation&quot;:&quot;fadeInDown&quot;,&quot;_animation_delay&quot;:300}\" data-widget_type=\"text-editor.default\">\n\t\t\t\t<div class=\"elementor-widget-container\">\n\t\t\t\t\t\t\t<p>Largo do Porto dos Carneiros S\/N Ros\u00e1rio, 9560-046 Lagoa,<br \/>S\u00e3o Miguel A\u00e7ores<\/p>\t\t\t\t\t\t<\/div>\n\t\t\t\t<\/div>\n\t\t\t\t<div class=\"elementor-element elementor-element-ee4db0d elementor-align-left elementor-mobile-align-center elementor-invisible elementor-widget elementor-widget-button\" data-id=\"ee4db0d\" data-element_type=\"widget\" data-settings=\"{&quot;_animation&quot;:&quot;fadeInUp&quot;}\" data-widget_type=\"button.default\">\n\t\t\t\t<div class=\"elementor-widget-container\">\n\t\t\t\t\t<div class=\"elementor-button-wrapper\">\n\t\t\t<a class=\"elementor-button elementor-button-link elementor-size-sm elementor-animation-shrink\" href=\"https:\/\/www.google.com\/maps\/place\/Boca+Aberta\/@37.7419607,-25.5758475,19z\/data=!4m5!3m4!1s0xb5d2b48e9d1a367:0xf1fa4c08575238a!8m2!3d37.7419675!4d-25.5765165\" target=\"_blank\">\n\t\t\t\t\t\t<span class=\"elementor-button-content-wrapper\">\n\t\t\t\t\t\t<span class=\"elementor-button-icon elementor-align-icon-left\">\n\t\t\t\t<i aria-hidden=\"true\" class=\"fas fa-map-marker-alt\"><\/i>\t\t\t<\/span>\n\t\t\t\t\t\t\t\t\t<span class=\"elementor-button-text\">Get Directions<\/span>\n\t\t\t\t\t<\/span>\n\t\t\t\t\t<\/a>\n\t\t<\/div>\n\t\t\t\t<\/div>\n\t\t\t\t<\/div>\n\t\t\t\t<div class=\"elementor-element elementor-element-5424db1e elementor-invisible elementor-widget elementor-widget-text-editor\" data-id=\"5424db1e\" data-element_type=\"widget\" data-settings=\"{&quot;_animation&quot;:&quot;fadeInDown&quot;,&quot;_animation_delay&quot;:500}\" data-widget_type=\"text-editor.default\">\n\t\t\t\t<div class=\"elementor-widget-container\">\n\t\t\t\t\t\t\t<p><strong>Telephone<\/strong><\/p>\t\t\t\t\t\t<\/div>\n\t\t\t\t<\/div>\n\t\t\t\t<div class=\"elementor-element elementor-element-521dc85c elementor-invisible elementor-widget elementor-widget-text-editor\" data-id=\"521dc85c\" data-element_type=\"widget\" data-settings=\"{&quot;_animation&quot;:&quot;fadeInDown&quot;,&quot;_animation_delay&quot;:550}\" data-widget_type=\"text-editor.default\">\n\t\t\t\t<div class=\"elementor-widget-container\">\n\t\t\t\t\t\t\t<strong>(+351) 296 242 250<\/strong>\t\t\t\t\t\t<\/div>\n\t\t\t\t<\/div>\n\t\t\t\t<div class=\"elementor-element elementor-element-f1c24cf elementor-widget elementor-widget-text-editor\" data-id=\"f1c24cf\" data-element_type=\"widget\" data-widget_type=\"text-editor.default\">\n\t\t\t\t<div class=\"elementor-widget-container\">\n\t\t\t\t\t\t\t(Call to national fixed network)\t\t\t\t\t\t<\/div>\n\t\t\t\t<\/div>\n\t\t\t\t<div class=\"elementor-element elementor-element-28b03b55 elementor-invisible elementor-widget elementor-widget-text-editor\" data-id=\"28b03b55\" data-element_type=\"widget\" data-settings=\"{&quot;_animation&quot;:&quot;fadeInDown&quot;,&quot;_animation_delay&quot;:700}\" data-widget_type=\"text-editor.default\">\n\t\t\t\t<div class=\"elementor-widget-container\">\n\t\t\t\t\t\t\t<p><strong>Email<\/strong><\/p>\t\t\t\t\t\t<\/div>\n\t\t\t\t<\/div>\n\t\t\t\t<div class=\"elementor-element elementor-element-761bc0dd elementor-invisible elementor-widget elementor-widget-text-editor\" data-id=\"761bc0dd\" data-element_type=\"widget\" data-settings=\"{&quot;_animation&quot;:&quot;fadeInDown&quot;,&quot;_animation_delay&quot;:750}\" data-widget_type=\"text-editor.default\">\n\t\t\t\t<div class=\"elementor-widget-container\">\n\t\t\t\t\t\t\tabelcabralrestaurantes@gmail.com\t\t\t\t\t\t<\/div>\n\t\t\t\t<\/div>\n\t\t\t\t\t<\/div>\n\t\t<\/div>\n\t\t\t\t<div class=\"elementor-column elementor-col-33 elementor-inner-column elementor-element elementor-element-2c747b35\" data-id=\"2c747b35\" data-element_type=\"column\">\n\t\t\t<div class=\"elementor-widget-wrap elementor-element-populated\">\n\t\t\t\t\t\t<div class=\"elementor-element elementor-element-50619b16 elementor-absolute elementor-widget__width-initial elementor-widget-tablet__width-initial elementor-hidden-phone elementor-widget elementor-widget-image\" data-id=\"50619b16\" data-element_type=\"widget\" data-settings=\"{&quot;_position&quot;:&quot;absolute&quot;}\" data-widget_type=\"image.default\">\n\t\t\t\t<div class=\"elementor-widget-container\">\n\t\t\t\t\t\t\t\t\t\t\t\t\t<img decoding=\"async\" width=\"694\" height=\"1034\" src=\"https:\/\/www.bocaberta.pt\/wp-content\/uploads\/2022\/11\/food.jpg\" class=\"attachment-full size-full wp-image-575\" alt=\"\" srcset=\"https:\/\/www.bocaberta.pt\/wp-content\/uploads\/2022\/11\/food.jpg 694w, https:\/\/www.bocaberta.pt\/wp-content\/uploads\/2022\/11\/food-201x300.jpg 201w, https:\/\/www.bocaberta.pt\/wp-content\/uploads\/2022\/11\/food-687x1024.jpg 687w, https:\/\/www.bocaberta.pt\/wp-content\/uploads\/2022\/11\/food-8x12.jpg 8w\" sizes=\"(max-width: 694px) 100vw, 694px\" \/>\t\t\t\t\t\t\t\t\t\t\t\t\t<\/div>\n\t\t\t\t<\/div>\n\t\t\t\t<div class=\"elementor-element elementor-element-714bb1f3 elementor-widget__width-initial elementor-absolute elementor-widget-tablet__width-initial elementor-widget-mobile__width-initial elementor-hidden-phone elementor-invisible elementor-widget elementor-widget-image\" data-id=\"714bb1f3\" data-element_type=\"widget\" data-settings=\"{&quot;_position&quot;:&quot;absolute&quot;,&quot;motion_fx_motion_fx_scrolling&quot;:&quot;yes&quot;,&quot;motion_fx_translateY_effect&quot;:&quot;yes&quot;,&quot;motion_fx_translateY_speed&quot;:{&quot;unit&quot;:&quot;px&quot;,&quot;size&quot;:2,&quot;sizes&quot;:[]},&quot;_animation&quot;:&quot;slideInUp&quot;,&quot;motion_fx_translateY_affectedRange&quot;:{&quot;unit&quot;:&quot;%&quot;,&quot;size&quot;:&quot;&quot;,&quot;sizes&quot;:{&quot;start&quot;:0,&quot;end&quot;:100}},&quot;motion_fx_devices&quot;:[&quot;desktop&quot;,&quot;tablet&quot;,&quot;mobile&quot;]}\" data-widget_type=\"image.default\">\n\t\t\t\t<div class=\"elementor-widget-container\">\n\t\t\t\t\t\t\t\t\t\t\t\t\t<img decoding=\"async\" width=\"1000\" height=\"57\" src=\"https:\/\/www.bocaberta.pt\/wp-content\/uploads\/2022\/11\/sea-line.png\" class=\"attachment-full size-full wp-image-264\" alt=\"\" srcset=\"https:\/\/www.bocaberta.pt\/wp-content\/uploads\/2022\/11\/sea-line.png 1000w, https:\/\/www.bocaberta.pt\/wp-content\/uploads\/2022\/11\/sea-line-300x17.png 300w, https:\/\/www.bocaberta.pt\/wp-content\/uploads\/2022\/11\/sea-line-768x44.png 768w\" sizes=\"(max-width: 1000px) 100vw, 1000px\" \/>\t\t\t\t\t\t\t\t\t\t\t\t\t<\/div>\n\t\t\t\t<\/div>\n\t\t\t\t\t<\/div>\n\t\t<\/div>\n\t\t\t\t\t<\/div>\n\t\t<\/section>\n\t\t\t\t<div class=\"elementor-element elementor-element-e0290c8 elementor-widget elementor-widget-google_maps\" data-id=\"e0290c8\" data-element_type=\"widget\" data-widget_type=\"google_maps.default\">\n\t\t\t\t<div class=\"elementor-widget-container\">\n\t\t\t<style>\/*! elementor - v3.21.0 - 08-05-2024 *\/\n.elementor-widget-google_maps .elementor-widget-container{overflow:hidden}.elementor-widget-google_maps .elementor-custom-embed{line-height:0}.elementor-widget-google_maps iframe{height:300px}<\/style>\t\t<div class=\"elementor-custom-embed\">\n\t\t\t<iframe loading=\"lazy\"\n\t\t\t\t\tsrc=\"https:\/\/maps.google.com\/maps?q=Boca%20Aberta%2C%20Largo%20Do%20Porto%2C%2052%2C%20Lagoa%2C%20Ponta%20Delgada%2C%209560%20Lagoa&#038;t=m&#038;z=18&#038;output=embed&#038;iwloc=near\"\n\t\t\t\t\ttitle=\"Boca Aberta, Largo Do Porto, 52, Lagoa, Ponta Delgada, 9560 Lagoa\"\n\t\t\t\t\taria-label=\"Boca Aberta, Largo Do Porto, 52, Lagoa, Ponta Delgada, 9560 Lagoa\"\n\t\t\t><\/iframe>\n\t\t<\/div>\n\t\t\t\t<\/div>\n\t\t\t\t<\/div>\n\t\t\t\t\t<\/div>\n\t\t<\/div>\n\t\t\t\t\t<\/div>\n\t\t<\/section>\n\t\t\t\t<\/div>","protected":false},"excerpt":{"rendered":"<p>HOR\u00c1RIO Pequeno-Almo\u00e7o07.30 \u2013 14.45 Servi\u00e7o de Cervejaria | Marisqueira12.00 \u2013 22.00 EncerramentoTer\u00e7a-Feira CONTACTOS Largo do Porto dos Carneiros S\/N Ros\u00e1rio, 9560-046 Lagoa,S\u00e3o Miguel A\u00e7ores Obter dire\u00e7\u00f5es Telefone (+351) 296 242 250(Chamada para a rede fixa nacional) Email abelcabralrestaurantes@gmail.com<\/p>","protected":false},"author":1,"featured_media":0,"parent":0,"menu_order":5,"comment_status":"closed","ping_status":"closed","template":"elementor_header_footer","meta":{"footnotes":""},"class_list":["post-42","page","type-page","status-publish","hentry"],"yoast_head":"<!-- This site is optimized with the Yoast SEO plugin v22.6 - https:\/\/yoast.com\/wordpress\/plugins\/seo\/ -->\n<title>CONTACTOS - Bocaberta - Cervejaria &amp; Marisqueira | Lagoa - A\u00e7ores<\/title>\n<meta name=\"robots\" content=\"index, follow, max-snippet:-1, max-image-preview:large, max-video-preview:-1\" \/>\n<link rel=\"canonical\" href=\"https:\/\/www.bocaberta.pt\/en\/contacts\/\" \/>\n<meta property=\"og:locale\" content=\"en_GB\" \/>\n<meta property=\"og:type\" content=\"article\" \/>\n<meta property=\"og:title\" content=\"CONTACTOS - Bocaberta - Cervejaria &amp; Marisqueira | Lagoa - A\u00e7ores\" \/>\n<meta property=\"og:description\" content=\"HOR\u00c1RIO Pequeno-Almo\u00e7o07.30 \u2013 14.45 Servi\u00e7o de Cervejaria | Marisqueira12.00 \u2013 22.00 EncerramentoTer\u00e7a-Feira CONTACTOS Largo do Porto dos Carneiros S\/N Ros\u00e1rio, 9560-046 Lagoa,S\u00e3o Miguel A\u00e7ores Obter dire\u00e7\u00f5es Telefone (+351) 296 242 250(Chamada para a rede fixa nacional) Email abelcabralrestaurantes@gmail.com\" \/>\n<meta property=\"og:url\" content=\"https:\/\/www.bocaberta.pt\/en\/contacts\/\" \/>\n<meta property=\"og:site_name\" content=\"Bocaberta - Cervejaria &amp; Marisqueira | Lagoa - A\u00e7ores\" \/>\n<meta property=\"article:publisher\" content=\"https:\/\/www.facebook.com\/bocabertarestaurante\" \/>\n<meta property=\"article:modified_time\" content=\"2023-05-08T18:18:29+00:00\" \/>\n<meta property=\"og:image\" content=\"https:\/\/www.bocaberta.pt\/wp-content\/uploads\/2022\/11\/shape-2.png\" \/>\n<meta name=\"twitter:card\" content=\"summary_large_image\" \/>\n<script type=\"application\/ld+json\" class=\"yoast-schema-graph\">{\"@context\":\"https:\/\/schema.org\",\"@graph\":[{\"@type\":\"WebPage\",\"@id\":\"https:\/\/www.bocaberta.pt\/contacts\/\",\"url\":\"https:\/\/www.bocaberta.pt\/contacts\/\",\"name\":\"CONTACTOS - Bocaberta - Cervejaria &amp; Marisqueira | Lagoa - A\u00e7ores\",\"isPartOf\":{\"@id\":\"https:\/\/www.bocaberta.pt\/#website\"},\"primaryImageOfPage\":{\"@id\":\"https:\/\/www.bocaberta.pt\/contacts\/#primaryimage\"},\"image\":{\"@id\":\"https:\/\/www.bocaberta.pt\/contacts\/#primaryimage\"},\"thumbnailUrl\":\"https:\/\/www.bocaberta.pt\/wp-content\/uploads\/2022\/11\/shape-2.png\",\"datePublished\":\"2022-11-04T01:23:18+00:00\",\"dateModified\":\"2023-05-08T18:18:29+00:00\",\"breadcrumb\":{\"@id\":\"https:\/\/www.bocaberta.pt\/contacts\/#breadcrumb\"},\"inLanguage\":\"en-GB\",\"potentialAction\":[{\"@type\":\"ReadAction\",\"target\":[\"https:\/\/www.bocaberta.pt\/contacts\/\"]}]},{\"@type\":\"ImageObject\",\"inLanguage\":\"en-GB\",\"@id\":\"https:\/\/www.bocaberta.pt\/contacts\/#primaryimage\",\"url\":\"https:\/\/www.bocaberta.pt\/wp-content\/uploads\/2022\/11\/shape-2.png\",\"contentUrl\":\"https:\/\/www.bocaberta.pt\/wp-content\/uploads\/2022\/11\/shape-2.png\"},{\"@type\":\"BreadcrumbList\",\"@id\":\"https:\/\/www.bocaberta.pt\/contacts\/#breadcrumb\",\"itemListElement\":[{\"@type\":\"ListItem\",\"position\":1,\"name\":\"In\u00edcio\",\"item\":\"https:\/\/www.bocaberta.pt\/\"},{\"@type\":\"ListItem\",\"position\":2,\"name\":\"CONTACTOS\"}]},{\"@type\":\"WebSite\",\"@id\":\"https:\/\/www.bocaberta.pt\/#website\",\"url\":\"https:\/\/www.bocaberta.pt\/\",\"name\":\"Bocaberta - Cervejaria & Marisqueira - Lagoa - A\u00e7ores\",\"description\":\"Venha saborear os sabores do mar neste restaurante excecional na Lagoa, em S\u00e3o Miguel nos A\u00e7ores.\",\"publisher\":{\"@id\":\"https:\/\/www.bocaberta.pt\/#organization\"},\"potentialAction\":[{\"@type\":\"SearchAction\",\"target\":{\"@type\":\"EntryPoint\",\"urlTemplate\":\"https:\/\/www.bocaberta.pt\/?s={search_term_string}\"},\"query-input\":\"required name=search_term_string\"}],\"inLanguage\":\"en-GB\"},{\"@type\":\"Organization\",\"@id\":\"https:\/\/www.bocaberta.pt\/#organization\",\"name\":\"Bocaberta - Cervejaria & Marisqueira - Lagoa - A\u00e7ores\",\"url\":\"https:\/\/www.bocaberta.pt\/\",\"logo\":{\"@type\":\"ImageObject\",\"inLanguage\":\"en-GB\",\"@id\":\"https:\/\/www.bocaberta.pt\/#\/schema\/logo\/image\/\",\"url\":\"https:\/\/www.bocaberta.pt\/wp-content\/uploads\/2022\/11\/Logotipo_Boca_Aberta_transparente-01.png\",\"contentUrl\":\"https:\/\/www.bocaberta.pt\/wp-content\/uploads\/2022\/11\/Logotipo_Boca_Aberta_transparente-01.png\",\"width\":7117,\"height\":2228,\"caption\":\"Bocaberta - Cervejaria & Marisqueira - Lagoa - A\u00e7ores\"},\"image\":{\"@id\":\"https:\/\/www.bocaberta.pt\/#\/schema\/logo\/image\/\"},\"sameAs\":[\"https:\/\/www.facebook.com\/bocabertarestaurante\",\"https:\/\/www.instagram.com\/bocabertarestaurante\"]}]}<\/script>\n<!-- \/ Yoast SEO plugin. -->","yoast_head_json":{"title":"CONTACTOS - Bocaberta - Cervejaria &amp; Marisqueira | Lagoa - A\u00e7ores","robots":{"index":"index","follow":"follow","max-snippet":"max-snippet:-1","max-image-preview":"max-image-preview:large","max-video-preview":"max-video-preview:-1"},"canonical":"https:\/\/www.bocaberta.pt\/en\/contacts\/","og_locale":"en_GB","og_type":"article","og_title":"CONTACTOS - Bocaberta - Cervejaria &amp; Marisqueira | Lagoa - A\u00e7ores","og_description":"HOR\u00c1RIO Pequeno-Almo\u00e7o07.30 \u2013 14.45 Servi\u00e7o de Cervejaria | Marisqueira12.00 \u2013 22.00 EncerramentoTer\u00e7a-Feira CONTACTOS Largo do Porto dos Carneiros S\/N Ros\u00e1rio, 9560-046 Lagoa,S\u00e3o Miguel A\u00e7ores Obter dire\u00e7\u00f5es Telefone (+351) 296 242 250(Chamada para a rede fixa nacional) Email abelcabralrestaurantes@gmail.com","og_url":"https:\/\/www.bocaberta.pt\/en\/contacts\/","og_site_name":"Bocaberta - Cervejaria &amp; Marisqueira | Lagoa - A\u00e7ores","article_publisher":"https:\/\/www.facebook.com\/bocabertarestaurante","article_modified_time":"2023-05-08T18:18:29+00:00","og_image":[{"url":"https:\/\/www.bocaberta.pt\/wp-content\/uploads\/2022\/11\/shape-2.png"}],"twitter_card":"summary_large_image","schema":{"@context":"https:\/\/schema.org","@graph":[{"@type":"WebPage","@id":"https:\/\/www.bocaberta.pt\/contacts\/","url":"https:\/\/www.bocaberta.pt\/contacts\/","name":"CONTACTOS - Bocaberta - Cervejaria &amp; Marisqueira | Lagoa - A\u00e7ores","isPartOf":{"@id":"https:\/\/www.bocaberta.pt\/#website"},"primaryImageOfPage":{"@id":"https:\/\/www.bocaberta.pt\/contacts\/#primaryimage"},"image":{"@id":"https:\/\/www.bocaberta.pt\/contacts\/#primaryimage"},"thumbnailUrl":"https:\/\/www.bocaberta.pt\/wp-content\/uploads\/2022\/11\/shape-2.png","datePublished":"2022-11-04T01:23:18+00:00","dateModified":"2023-05-08T18:18:29+00:00","breadcrumb":{"@id":"https:\/\/www.bocaberta.pt\/contacts\/#breadcrumb"},"inLanguage":"en-GB","potentialAction":[{"@type":"ReadAction","target":["https:\/\/www.bocaberta.pt\/contacts\/"]}]},{"@type":"ImageObject","inLanguage":"en-GB","@id":"https:\/\/www.bocaberta.pt\/contacts\/#primaryimage","url":"https:\/\/www.bocaberta.pt\/wp-content\/uploads\/2022\/11\/shape-2.png","contentUrl":"https:\/\/www.bocaberta.pt\/wp-content\/uploads\/2022\/11\/shape-2.png"},{"@type":"BreadcrumbList","@id":"https:\/\/www.bocaberta.pt\/contacts\/#breadcrumb","itemListElement":[{"@type":"ListItem","position":1,"name":"In\u00edcio","item":"https:\/\/www.bocaberta.pt\/"},{"@type":"ListItem","position":2,"name":"CONTACTOS"}]},{"@type":"WebSite","@id":"https:\/\/www.bocaberta.pt\/#website","url":"https:\/\/www.bocaberta.pt\/","name":"Bocaberta - Cervejaria & Marisqueira - Lagoa - A\u00e7ores","description":"Venha saborear os sabores do mar neste restaurante excecional na Lagoa, em S\u00e3o Miguel nos A\u00e7ores.","publisher":{"@id":"https:\/\/www.bocaberta.pt\/#organization"},"potentialAction":[{"@type":"SearchAction","target":{"@type":"EntryPoint","urlTemplate":"https:\/\/www.bocaberta.pt\/?s={search_term_string}"},"query-input":"required name=search_term_string"}],"inLanguage":"en-GB"},{"@type":"Organization","@id":"https:\/\/www.bocaberta.pt\/#organization","name":"Bocaberta - Cervejaria & Marisqueira - Lagoa - A\u00e7ores","url":"https:\/\/www.bocaberta.pt\/","logo":{"@type":"ImageObject","inLanguage":"en-GB","@id":"https:\/\/www.bocaberta.pt\/#\/schema\/logo\/image\/","url":"https:\/\/www.bocaberta.pt\/wp-content\/uploads\/2022\/11\/Logotipo_Boca_Aberta_transparente-01.png","contentUrl":"https:\/\/www.bocaberta.pt\/wp-content\/uploads\/2022\/11\/Logotipo_Boca_Aberta_transparente-01.png","width":7117,"height":2228,"caption":"Bocaberta - Cervejaria & Marisqueira - Lagoa - A\u00e7ores"},"image":{"@id":"https:\/\/www.bocaberta.pt\/#\/schema\/logo\/image\/"},"sameAs":["https:\/\/www.facebook.com\/bocabertarestaurante","https:\/\/www.instagram.com\/bocabertarestaurante"]}]}},"_links":{"self":[{"href":"https:\/\/www.bocaberta.pt\/en\/wp-json\/wp\/v2\/pages\/42","targetHints":{"allow":["GET"]}}],"collection":[{"href":"https:\/\/www.bocaberta.pt\/en\/wp-json\/wp\/v2\/pages"}],"about":[{"href":"https:\/\/www.bocaberta.pt\/en\/wp-json\/wp\/v2\/types\/page"}],"author":[{"embeddable":true,"href":"https:\/\/www.bocaberta.pt\/en\/wp-json\/wp\/v2\/users\/1"}],"replies":[{"embeddable":true,"href":"https:\/\/www.bocaberta.pt\/en\/wp-json\/wp\/v2\/comments?post=42"}],"version-history":[{"count":55,"href":"https:\/\/www.bocaberta.pt\/en\/wp-json\/wp\/v2\/pages\/42\/revisions"}],"predecessor-version":[{"id":1819,"href":"https:\/\/www.bocaberta.pt\/en\/wp-json\/wp\/v2\/pages\/42\/revisions\/1819"}],"wp:attachment":[{"href":"https:\/\/www.bocaberta.pt\/en\/wp-json\/wp\/v2\/media?parent=42"}],"curies":[{"name":"wp","href":"https:\/\/api.w.org\/{rel}","templated":true}]}}